{"id":1780,"date":"2026-04-23T10:26:52","date_gmt":"2026-04-23T08:26:52","guid":{"rendered":"https:\/\/agcasarescosta.com\/?page_id=1780"},"modified":"2026-04-27T10:25:16","modified_gmt":"2026-04-27T08:25:16","slug":"erkunden","status":"publish","type":"page","link":"https:\/\/agcasarescosta.com\/de\/explore\/","title":{"rendered":"Erkunden"},"content":{"rendered":"<div class=\"fusion-fullwidth fullwidth-box fusion-builder-row-1 fusion-flex-container has-pattern-background has-mask-background nonhundred-percent-fullwidth non-hundred-percent-height-scrolling\" style=\"--awb-border-radius-top-left:0px;--awb-border-radius-top-right:0px;--awb-border-radius-bottom-right:0px;--awb-border-radius-bottom-left:0px;--awb-flex-wrap:wrap;\" ><div class=\"fusion-builder-row fusion-row fusion-flex-align-items-flex-start fusion-flex-content-wrap\" style=\"max-width:1248px;margin-left: calc(-4% \/ 2 );margin-right: calc(-4% \/ 2 );\"><div class=\"fusion-layout-column fusion_builder_column fusion-builder-column-0 fusion_builder_column_1_1 1_1 fusion-flex-column\" style=\"--awb-bg-size:cover;--awb-width-large:100%;--awb-margin-top-large:0px;--awb-spacing-right-large:1.92%;--awb-margin-bottom-large:20px;--awb-spacing-left-large:1.92%;--awb-width-medium:100%;--awb-order-medium:0;--awb-spacing-right-medium:1.92%;--awb-spacing-left-medium:1.92%;--awb-width-small:100%;--awb-order-small:0;--awb-spacing-right-small:1.92%;--awb-spacing-left-small:1.92%;\"><div class=\"fusion-column-wrapper fusion-column-has-shadow fusion-flex-justify-content-flex-start fusion-content-layout-column\"><div class=\"fusion-content-boxes content-boxes columns row fusion-columns-3 fusion-columns-total-3 fusion-content-boxes-1 content-boxes-icon-with-title content-left has-flex-alignment fusion-delayed-animation\" style=\"--awb-backgroundcolor:rgba(13,133,231,0.05);--awb-border-radius-top-left:5px;--awb-border-radius-top-right:5px;--awb-border-radius-bottom-right:5px;--awb-border-radius-bottom-left:5px;--awb-alignment:stretch;--awb-body-color:#424242;--awb-title-color:#0f0f0f;--awb-iconcolor:#0d85e8;--awb-iconcolor-hover:#ffffff;--awb-circlecolor-hover:#1dd485;--awb-margin-top:15px;--awb-hover-accent-color:#0d85e8;--awb-circle-hover-accent-color:#0d85e8;\" data-animation-delay=\"1000\" data-animationoffset=\"top-into-view\"><div style=\"--awb-backgroundcolor:rgba(13,133,231,0.05);--awb-iconcolor:#0d85e8;--awb-iconcolor-hover:#ffffff;--awb-circlecolor-hover:#1dd485;\" class=\"fusion-column content-box-column content-box-column content-box-column-1 col-lg-4 col-md-4 col-sm-4 fusion-content-box-hover content-box-column-first-in-row\"><div class=\"col content-box-wrapper content-wrapper-background link-area-link-icon link-type-button-bar icon-hover-animation-fade fusion-animated\" data-animationtype=\"fadeInUp\" data-animationduration=\"1.2\" data-animationoffset=\"top-into-view\"><div class=\"heading heading-with-icon icon-left\"><a class=\"heading-link\" style=\"float:left;\" href=\"https:\/\/www.google.com\/travel\/flights\" target=\"_self\"><div class=\"icon\" style=\"-webkit-animation-duration: 1000ms;animation-duration: 1000ms;\"><i style=\"border-color:var(--awb-color8);border-width:0px;background-color:rgba(13,133,231,0.1);box-sizing:content-box;height:58px;width:58px;line-height:58px;border-radius:5px;font-size:29px;\" aria-hidden=\"true\" class=\"fontawesome-icon fa-plane fas circle-yes\"><\/i><\/div><h2 class=\"content-box-heading\" style=\"--h2_typography-font-size:23px;line-height:28px;\">Fl\u00fcge<\/h2><\/a><\/div><div class=\"fusion-clearfix\"><\/div><div class=\"content-container\">\n<p>Google Flights ist eines der schnellsten und leistungsst\u00e4rksten Tools, um g\u00fcnstige Fl\u00fcge nach M\u00e1laga zu finden. Anstatt direkt zu buchen, fungiert es als intelligente Suchmaschine, die Preise von Fluggesellschaften und Reise-Websites in Echtzeit vergleicht und Ihnen hilft, schnell die besten Angebote zu entdecken.<\/p>\n<\/div><div class=\"fusion-clearfix\"><\/div><a class=\"fusion-read-more fusion-button-bar\" style=\"float:left;\" href=\"https:\/\/www.google.com\/travel\/flights\" target=\"_self\">Flugsuche<\/a><div class=\"fusion-clearfix\"><\/div><\/div><\/div><div style=\"--awb-backgroundcolor:rgba(13,133,231,0.05);--awb-iconcolor:#0d85e8;--awb-iconcolor-hover:#ffffff;--awb-circlecolor-hover:#1dd485;\" class=\"fusion-column content-box-column content-box-column content-box-column-2 col-lg-4 col-md-4 col-sm-4 fusion-content-box-hover\"><div class=\"col content-box-wrapper content-wrapper-background link-area-link-icon link-type-button-bar icon-hover-animation-fade fusion-animated\" data-animationtype=\"fadeInUp\" data-animationduration=\"1.2\" data-animationoffset=\"top-into-view\"><div class=\"heading heading-with-icon icon-left\"><a class=\"heading-link\" style=\"float:left;\" href=\"https:\/\/agcasarescosta.com\/de\/car-rental\/\" target=\"_self\"><div class=\"icon\" style=\"-webkit-animation-duration: 1000ms;animation-duration: 1000ms;\"><i style=\"border-color:var(--awb-color8);border-width:0px;background-color:rgba(13,133,231,0.1);box-sizing:content-box;height:58px;width:58px;line-height:58px;border-radius:5px;font-size:29px;\" aria-hidden=\"true\" class=\"fontawesome-icon fa-car-alt fas circle-yes\"><\/i><\/div><h2 class=\"content-box-heading\" style=\"--h2_typography-font-size:23px;line-height:28px;\">Autovermietung<\/h2><\/a><\/div><div class=\"fusion-clearfix\"><\/div><div class=\"content-container\">\n<p>DiscoverCars, Booking.com, Rentalcars.com Check24.de sind einige der besten Werkzeuge, um g\u00fcnstige Mietwagen in M\u00e1laga zu finden, besonders wenn Sie schnell mehrere Optionen vergleichen und versteckte Kosten vermeiden m\u00f6chten. Sie funktionieren als globale Vergleichsplattform und zeigen Angebote von Hunderten von Mietwagenfirmen an einem Ort \u2013 so m\u00fcssen Sie nicht jeden Anbieter einzeln pr\u00fcfen.<\/p>\n<\/div><div class=\"fusion-clearfix\"><\/div><a class=\"fusion-read-more fusion-button-bar\" style=\"float:left;\" href=\"https:\/\/agcasarescosta.com\/de\/car-rental\/\" target=\"_self\">Mehr lesen<\/a><div class=\"fusion-clearfix\"><\/div><\/div><\/div><div style=\"--awb-backgroundcolor:rgba(13,133,231,0.05);--awb-iconcolor:#0d85e8;--awb-iconcolor-hover:#ffffff;--awb-circlecolor-hover:#1dd485;\" class=\"fusion-column content-box-column content-box-column content-box-column-3 col-lg-4 col-md-4 col-sm-4 fusion-content-box-hover content-box-column-last content-box-column-last-in-row\"><div class=\"col content-box-wrapper content-wrapper-background link-area-link-icon link-type-button-bar icon-hover-animation-fade fusion-animated\" data-animationtype=\"fadeInUp\" data-animationduration=\"1.2\" data-animationoffset=\"top-into-view\"><div class=\"heading heading-with-icon icon-left\"><a class=\"heading-link\" style=\"float:left;\" href=\"https:\/\/agcasarescosta.com\/de\/andalusien-erkunden\/\" target=\"_self\"><div class=\"icon\" style=\"-webkit-animation-duration: 1000ms;animation-duration: 1000ms;\"><i style=\"border-color:var(--awb-color8);border-width:0px;background-color:rgba(13,133,231,0.1);box-sizing:content-box;height:58px;width:58px;line-height:58px;border-radius:5px;font-size:29px;\" aria-hidden=\"true\" class=\"fontawesome-icon fa-flag fas circle-yes\"><\/i><\/div><h2 class=\"content-box-heading\" style=\"--h2_typography-font-size:23px;line-height:28px;\">Dinge zu tun<\/h2><\/a><\/div><div class=\"fusion-clearfix\"><\/div><div class=\"content-container\">\n<p>Von entspannten Strandtagen und charmanten nahegelegenen St\u00e4dten bis hin zu aufregenden Tagesausfl\u00fcgen wie Gibraltar oder Delfinbeobachtungen in Tarifa, hier ist f\u00fcr jeden etwas geboten. Sie k\u00f6nnen durch die blumengeschm\u00fcckten Stra\u00dfen von Estepona schlendern, luxuri\u00f6se Ausblicke in Puerto Ban\u00fas genie\u00dfen oder malerische wei\u00dfe D\u00f6rfer wie Casares und Mijas entdecken.<\/p>\n<\/div><div class=\"fusion-clearfix\"><\/div><a class=\"fusion-read-more fusion-button-bar\" style=\"float:left;\" href=\"https:\/\/agcasarescosta.com\/de\/andalusien-erkunden\/\" target=\"_self\">Mehr lesen<\/a><div class=\"fusion-clearfix\"><\/div><\/div><\/div><div class=\"fusion-clearfix\"><\/div><\/div><\/div><\/div><\/div><\/div>","protected":false},"excerpt":{"rendered":"","protected":false},"author":279085510,"featured_media":0,"parent":0,"menu_order":0,"comment_status":"closed","ping_status":"closed","template":"100-width.php","meta":{"advanced_seo_description":"","jetpack_seo_html_title":"","jetpack_seo_noindex":false,"footnotes":""},"class_list":["post-1780","page","type-page","status-publish","hentry"],"jetpack_sharing_enabled":true,"jetpack_shortlink":"https:\/\/wp.me\/PhaYk1-sI","jetpack-related-posts":[{"id":1556,"url":"https:\/\/agcasarescosta.com\/de\/","url_meta":{"origin":1780,"position":0},"title":"Home","author":"Gyuri (Gyuri)","date":"Dezember 2, 2022","format":false,"excerpt":"","rel":"","context":"\u00c4hnlicher Beitrag","block_context":{"text":"\u00c4hnlicher Beitrag","link":""},"img":{"alt_text":"","src":"","width":0,"height":0},"classes":[]},{"id":1560,"url":"https:\/\/agcasarescosta.com\/de\/reviews\/","url_meta":{"origin":1780,"position":1},"title":"Kundenbewertungen","author":"Gyuri (Gyuri)","date":"Dezember 2, 2022","format":false,"excerpt":"","rel":"","context":"\u00c4hnlicher Beitrag","block_context":{"text":"\u00c4hnlicher Beitrag","link":""},"img":{"alt_text":"","src":"","width":0,"height":0},"classes":[]},{"id":1723,"url":"https:\/\/agcasarescosta.com\/de\/home-booking\/","url_meta":{"origin":1780,"position":2},"title":"Home (Booking)","author":"Gyuri (Gyuri)","date":"April 16, 2026","format":false,"excerpt":"","rel":"","context":"\u00c4hnlicher Beitrag","block_context":{"text":"\u00c4hnlicher Beitrag","link":""},"img":{"alt_text":"","src":"","width":0,"height":0},"classes":[]},{"id":1845,"url":"https:\/\/agcasarescosta.com\/de\/check-in-sabinillas-mountain-view\/","url_meta":{"origin":1780,"position":3},"title":"Check-in - Sabinillas - Apartment mit Bergblick","author":"Gyuri (Gyuri)","date":"April 27, 2026","format":false,"excerpt":"","rel":"","context":"\u00c4hnlicher Beitrag","block_context":{"text":"\u00c4hnlicher Beitrag","link":""},"img":{"alt_text":"","src":"","width":0,"height":0},"classes":[]},{"id":1870,"url":"https:\/\/agcasarescosta.com\/de\/check-in-casares-costa-sea-view-apartment\/","url_meta":{"origin":1780,"position":4},"title":"Einchecken - Casares Costa - Apartment mit Meerblick","author":"Gyuri (Gyuri)","date":"April 29, 2026","format":false,"excerpt":"","rel":"","context":"\u00c4hnlicher Beitrag","block_context":{"text":"\u00c4hnlicher Beitrag","link":""},"img":{"alt_text":"","src":"","width":0,"height":0},"classes":[]},{"id":1559,"url":"https:\/\/agcasarescosta.com\/de\/contact\/","url_meta":{"origin":1780,"position":5},"title":"Kontakt","author":"Gyuri (Gyuri)","date":"Dezember 2, 2022","format":false,"excerpt":"","rel":"","context":"\u00c4hnlicher Beitrag","block_context":{"text":"\u00c4hnlicher Beitrag","link":""},"img":{"alt_text":"","src":"","width":0,"height":0},"classes":[]}],"_links":{"self":[{"href":"https:\/\/agcasarescosta.com\/de\/wp-json\/wp\/v2\/pages\/1780","targetHints":{"allow":["GET"]}}],"collection":[{"href":"https:\/\/agcasarescosta.com\/de\/wp-json\/wp\/v2\/pages"}],"about":[{"href":"https:\/\/agcasarescosta.com\/de\/wp-json\/wp\/v2\/types\/page"}],"author":[{"embeddable":true,"href":"https:\/\/agcasarescosta.com\/de\/wp-json\/wp\/v2\/users\/279085510"}],"replies":[{"embeddable":true,"href":"https:\/\/agcasarescosta.com\/de\/wp-json\/wp\/v2\/comments?post=1780"}],"version-history":[{"count":7,"href":"https:\/\/agcasarescosta.com\/de\/wp-json\/wp\/v2\/pages\/1780\/revisions"}],"predecessor-version":[{"id":1840,"href":"https:\/\/agcasarescosta.com\/de\/wp-json\/wp\/v2\/pages\/1780\/revisions\/1840"}],"wp:attachment":[{"href":"https:\/\/agcasarescosta.com\/de\/wp-json\/wp\/v2\/media?parent=1780"}],"curies":[{"name":"wp","href":"https:\/\/api.w.org\/{rel}","templated":true}]}}