{"id":1780,"date":"2026-04-23T10:26:52","date_gmt":"2026-04-23T08:26:52","guid":{"rendered":"https:\/\/agcasarescosta.com\/?page_id=1780"},"modified":"2026-04-27T10:25:16","modified_gmt":"2026-04-27T08:25:16","slug":"fedezze-fel","status":"publish","type":"page","link":"https:\/\/agcasarescosta.com\/hu\/explore\/","title":{"rendered":"Fedezze fel"},"content":{"rendered":"<div class=\"fusion-fullwidth fullwidth-box fusion-builder-row-1 fusion-flex-container has-pattern-background has-mask-background nonhundred-percent-fullwidth non-hundred-percent-height-scrolling\" style=\"--awb-border-radius-top-left:0px;--awb-border-radius-top-right:0px;--awb-border-radius-bottom-right:0px;--awb-border-radius-bottom-left:0px;--awb-flex-wrap:wrap;\" ><div class=\"fusion-builder-row fusion-row fusion-flex-align-items-flex-start fusion-flex-content-wrap\" style=\"max-width:1248px;margin-left: calc(-4% \/ 2 );margin-right: calc(-4% \/ 2 );\"><div class=\"fusion-layout-column fusion_builder_column fusion-builder-column-0 fusion_builder_column_1_1 1_1 fusion-flex-column\" style=\"--awb-bg-size:cover;--awb-width-large:100%;--awb-margin-top-large:0px;--awb-spacing-right-large:1.92%;--awb-margin-bottom-large:20px;--awb-spacing-left-large:1.92%;--awb-width-medium:100%;--awb-order-medium:0;--awb-spacing-right-medium:1.92%;--awb-spacing-left-medium:1.92%;--awb-width-small:100%;--awb-order-small:0;--awb-spacing-right-small:1.92%;--awb-spacing-left-small:1.92%;\"><div class=\"fusion-column-wrapper fusion-column-has-shadow fusion-flex-justify-content-flex-start fusion-content-layout-column\"><div class=\"fusion-content-boxes content-boxes columns row fusion-columns-3 fusion-columns-total-3 fusion-content-boxes-1 content-boxes-icon-with-title content-left has-flex-alignment fusion-delayed-animation\" style=\"--awb-backgroundcolor:rgba(13,133,231,0.05);--awb-border-radius-top-left:5px;--awb-border-radius-top-right:5px;--awb-border-radius-bottom-right:5px;--awb-border-radius-bottom-left:5px;--awb-alignment:stretch;--awb-body-color:#424242;--awb-title-color:#0f0f0f;--awb-iconcolor:#0d85e8;--awb-iconcolor-hover:#ffffff;--awb-circlecolor-hover:#1dd485;--awb-margin-top:15px;--awb-hover-accent-color:#0d85e8;--awb-circle-hover-accent-color:#0d85e8;\" data-animation-delay=\"1000\" data-animationoffset=\"top-into-view\"><div style=\"--awb-backgroundcolor:rgba(13,133,231,0.05);--awb-iconcolor:#0d85e8;--awb-iconcolor-hover:#ffffff;--awb-circlecolor-hover:#1dd485;\" class=\"fusion-column content-box-column content-box-column content-box-column-1 col-lg-4 col-md-4 col-sm-4 fusion-content-box-hover content-box-column-first-in-row\"><div class=\"col content-box-wrapper content-wrapper-background link-area-link-icon link-type-button-bar icon-hover-animation-fade fusion-animated\" data-animationtype=\"fadeInUp\" data-animationduration=\"1.2\" data-animationoffset=\"top-into-view\"><div class=\"heading heading-with-icon icon-left\"><a class=\"heading-link\" style=\"float:left;\" href=\"https:\/\/www.google.com\/travel\/flights\" target=\"_self\"><div class=\"icon\" style=\"-webkit-animation-duration: 1000ms;animation-duration: 1000ms;\"><i style=\"border-color:var(--awb-color8);border-width:0px;background-color:rgba(13,133,231,0.1);box-sizing:content-box;height:58px;width:58px;line-height:58px;border-radius:5px;font-size:29px;\" aria-hidden=\"true\" class=\"fontawesome-icon fa-plane fas circle-yes\"><\/i><\/div><h2 class=\"content-box-heading\" style=\"--h2_typography-font-size:23px;line-height:28px;\">Rep\u00fcl\u0151j\u00e1ratok<\/h2><\/a><\/div><div class=\"fusion-clearfix\"><\/div><div class=\"content-container\">\n<p>A Google Flights az egyik leggyorsabb \u00e9s leghat\u00e9konyabb eszk\u00f6z az olcs\u00f3 m\u00e1lagai rep\u00fcl\u0151jegyek keres\u00e9s\u00e9re. Ahelyett, hogy k\u00f6zvetlen\u00fcl foglaln\u00e1l, egy intelligens keres\u0151k\u00e9nt m\u0171k\u00f6dik, amely val\u00f3s id\u0151ben hasonl\u00edtja \u00f6ssze a l\u00e9git\u00e1rsas\u00e1gok \u00e9s utaz\u00e1si oldalak \u00e1rait, \u00edgy gyorsan megtal\u00e1lhatod a legjobb el\u00e9rhet\u0151 aj\u00e1nlatokat.<\/p>\n<\/div><div class=\"fusion-clearfix\"><\/div><a class=\"fusion-read-more fusion-button-bar\" style=\"float:left;\" href=\"https:\/\/www.google.com\/travel\/flights\" target=\"_self\">J\u00e1ratkeres\u00e9s<\/a><div class=\"fusion-clearfix\"><\/div><\/div><\/div><div style=\"--awb-backgroundcolor:rgba(13,133,231,0.05);--awb-iconcolor:#0d85e8;--awb-iconcolor-hover:#ffffff;--awb-circlecolor-hover:#1dd485;\" class=\"fusion-column content-box-column content-box-column content-box-column-2 col-lg-4 col-md-4 col-sm-4 fusion-content-box-hover\"><div class=\"col content-box-wrapper content-wrapper-background link-area-link-icon link-type-button-bar icon-hover-animation-fade fusion-animated\" data-animationtype=\"fadeInUp\" data-animationduration=\"1.2\" data-animationoffset=\"top-into-view\"><div class=\"heading heading-with-icon icon-left\"><a class=\"heading-link\" style=\"float:left;\" href=\"https:\/\/agcasarescosta.com\/hu\/autokolcsonzes\/\" target=\"_self\"><div class=\"icon\" style=\"-webkit-animation-duration: 1000ms;animation-duration: 1000ms;\"><i style=\"border-color:var(--awb-color8);border-width:0px;background-color:rgba(13,133,231,0.1);box-sizing:content-box;height:58px;width:58px;line-height:58px;border-radius:5px;font-size:29px;\" aria-hidden=\"true\" class=\"fontawesome-icon fa-car-alt fas circle-yes\"><\/i><\/div><h2 class=\"content-box-heading\" style=\"--h2_typography-font-size:23px;line-height:28px;\">Aut\u00f3b\u00e9rl\u00e9s<\/h2><\/a><\/div><div class=\"fusion-clearfix\"><\/div><div class=\"content-container\">\n<p>A DiscoverCars, a Booking.com \u00e9s a Rentalcars.com a legjobb eszk\u00f6z\u00f6k k\u00f6z\u00e9 tartoznak az olcs\u00f3 aut\u00f3b\u00e9rl\u00e9s keres\u00e9s\u00e9re M\u00e1lag\u00e1ban, k\u00fcl\u00f6n\u00f6sen akkor, ha gyorsan szeretn\u00e9l t\u00f6bb lehet\u0151s\u00e9get \u00f6sszehasonl\u00edtani \u00e9s elker\u00fclni a rejtett k\u00f6lts\u00e9geket. Ezek glob\u00e1lis \u00f6sszehasonl\u00edt\u00f3 platformokk\u00e9nt m\u0171k\u00f6dnek, amelyek t\u00f6bb sz\u00e1z aut\u00f3k\u00f6lcs\u00f6nz\u0151 aj\u00e1nlatait jelen\u00edtik meg egy helyen, \u00edgy nem kell minden szolg\u00e1ltat\u00f3t k\u00fcl\u00f6n-k\u00fcl\u00f6n v\u00e9gign\u00e9zned.<\/p>\n<\/div><div class=\"fusion-clearfix\"><\/div><a class=\"fusion-read-more fusion-button-bar\" style=\"float:left;\" href=\"https:\/\/agcasarescosta.com\/hu\/autokolcsonzes\/\" target=\"_self\">B\u0151vebben<\/a><div class=\"fusion-clearfix\"><\/div><\/div><\/div><div style=\"--awb-backgroundcolor:rgba(13,133,231,0.05);--awb-iconcolor:#0d85e8;--awb-iconcolor-hover:#ffffff;--awb-circlecolor-hover:#1dd485;\" class=\"fusion-column content-box-column content-box-column content-box-column-3 col-lg-4 col-md-4 col-sm-4 fusion-content-box-hover content-box-column-last content-box-column-last-in-row\"><div class=\"col content-box-wrapper content-wrapper-background link-area-link-icon link-type-button-bar icon-hover-animation-fade fusion-animated\" data-animationtype=\"fadeInUp\" data-animationduration=\"1.2\" data-animationoffset=\"top-into-view\"><div class=\"heading heading-with-icon icon-left\"><a class=\"heading-link\" style=\"float:left;\" href=\"https:\/\/agcasarescosta.com\/hu\/fedezze-fel-andaluziat\/\" target=\"_self\"><div class=\"icon\" style=\"-webkit-animation-duration: 1000ms;animation-duration: 1000ms;\"><i style=\"border-color:var(--awb-color8);border-width:0px;background-color:rgba(13,133,231,0.1);box-sizing:content-box;height:58px;width:58px;line-height:58px;border-radius:5px;font-size:29px;\" aria-hidden=\"true\" class=\"fontawesome-icon fa-flag fas circle-yes\"><\/i><\/div><h2 class=\"content-box-heading\" style=\"--h2_typography-font-size:23px;line-height:28px;\">L\u00e1tnival\u00f3k<\/h2><\/a><\/div><div class=\"fusion-clearfix\"><\/div><div class=\"content-container\">\n<p>A pihentet\u0151 tengerparti napokt\u00f3l \u00e9s a hangulatos k\u00f6zeli v\u00e1rosokt\u00f3l kezdve eg\u00e9szen az izgalmas kir\u00e1ndul\u00e1sokig, mint Gibralt\u00e1r vagy a delfinles Tarifa k\u00f6rny\u00e9k\u00e9n, mindenki tal\u00e1l kedv\u00e9re val\u00f3t. S\u00e9t\u00e1lhatsz Estepona vir\u00e1gokkal teli utc\u00e1in, \u00e9lvezheted a luxus hangulatot Puerto Ban\u00fasban, vagy felfedezheted a fest\u0151i feh\u00e9r falvakat, mint Casares \u00e9s Mijas.<\/p>\n<\/div><div class=\"fusion-clearfix\"><\/div><a class=\"fusion-read-more fusion-button-bar\" style=\"float:left;\" href=\"https:\/\/agcasarescosta.com\/hu\/fedezze-fel-andaluziat\/\" target=\"_self\">B\u0151vebben<\/a><div class=\"fusion-clearfix\"><\/div><\/div><\/div><div class=\"fusion-clearfix\"><\/div><\/div><\/div><\/div><\/div><\/div>","protected":false},"excerpt":{"rendered":"","protected":false},"author":279085510,"featured_media":0,"parent":0,"menu_order":0,"comment_status":"closed","ping_status":"closed","template":"100-width.php","meta":{"advanced_seo_description":"","jetpack_seo_html_title":"","jetpack_seo_noindex":false,"footnotes":""},"class_list":["post-1780","page","type-page","status-publish","hentry"],"jetpack_sharing_enabled":true,"jetpack_shortlink":"https:\/\/wp.me\/PhaYk1-sI","jetpack-related-posts":[{"id":1556,"url":"https:\/\/agcasarescosta.com\/hu\/","url_meta":{"origin":1780,"position":0},"title":"Home","author":"Gyuri (Gyuri)","date":"december 2, 2022","format":false,"excerpt":"","rel":"","context":"Similar post","block_context":{"text":"Similar post","link":""},"img":{"alt_text":"","src":"","width":0,"height":0},"classes":[]},{"id":1560,"url":"https:\/\/agcasarescosta.com\/hu\/reviews\/","url_meta":{"origin":1780,"position":1},"title":"\u00dcgyf\u00e9lv\u00e9lem\u00e9nyek","author":"Gyuri (Gyuri)","date":"december 2, 2022","format":false,"excerpt":"","rel":"","context":"Similar post","block_context":{"text":"Similar post","link":""},"img":{"alt_text":"","src":"","width":0,"height":0},"classes":[]},{"id":1723,"url":"https:\/\/agcasarescosta.com\/hu\/home-booking\/","url_meta":{"origin":1780,"position":2},"title":"Home (Booking)","author":"Gyuri (Gyuri)","date":"\u00e1prilis 16, 2026","format":false,"excerpt":"","rel":"","context":"Similar post","block_context":{"text":"Similar post","link":""},"img":{"alt_text":"","src":"","width":0,"height":0},"classes":[]},{"id":1845,"url":"https:\/\/agcasarescosta.com\/hu\/check-in-sabinillas-mountain-view\/","url_meta":{"origin":1780,"position":3},"title":"Bejelentkez\u00e9s - Sabinillas - Mountain View Apartment","author":"Gyuri (Gyuri)","date":"\u00e1prilis 27, 2026","format":false,"excerpt":"","rel":"","context":"Similar post","block_context":{"text":"Similar post","link":""},"img":{"alt_text":"","src":"","width":0,"height":0},"classes":[]},{"id":1870,"url":"https:\/\/agcasarescosta.com\/hu\/check-in-casares-costa-sea-view-apartment\/","url_meta":{"origin":1780,"position":4},"title":"Bejelentkez\u00e9s - Casares Costa - Tengerre n\u00e9z\u0151 apartman","author":"Gyuri (Gyuri)","date":"\u00e1prilis 29, 2026","format":false,"excerpt":"","rel":"","context":"Similar post","block_context":{"text":"Similar post","link":""},"img":{"alt_text":"","src":"","width":0,"height":0},"classes":[]},{"id":1559,"url":"https:\/\/agcasarescosta.com\/hu\/contact\/","url_meta":{"origin":1780,"position":5},"title":"Kapcsolat","author":"Gyuri (Gyuri)","date":"december 2, 2022","format":false,"excerpt":"","rel":"","context":"Similar post","block_context":{"text":"Similar post","link":""},"img":{"alt_text":"","src":"","width":0,"height":0},"classes":[]}],"_links":{"self":[{"href":"https:\/\/agcasarescosta.com\/hu\/wp-json\/wp\/v2\/pages\/1780","targetHints":{"allow":["GET"]}}],"collection":[{"href":"https:\/\/agcasarescosta.com\/hu\/wp-json\/wp\/v2\/pages"}],"about":[{"href":"https:\/\/agcasarescosta.com\/hu\/wp-json\/wp\/v2\/types\/page"}],"author":[{"embeddable":true,"href":"https:\/\/agcasarescosta.com\/hu\/wp-json\/wp\/v2\/users\/279085510"}],"replies":[{"embeddable":true,"href":"https:\/\/agcasarescosta.com\/hu\/wp-json\/wp\/v2\/comments?post=1780"}],"version-history":[{"count":7,"href":"https:\/\/agcasarescosta.com\/hu\/wp-json\/wp\/v2\/pages\/1780\/revisions"}],"predecessor-version":[{"id":1840,"href":"https:\/\/agcasarescosta.com\/hu\/wp-json\/wp\/v2\/pages\/1780\/revisions\/1840"}],"wp:attachment":[{"href":"https:\/\/agcasarescosta.com\/hu\/wp-json\/wp\/v2\/media?parent=1780"}],"curies":[{"name":"wp","href":"https:\/\/api.w.org\/{rel}","templated":true}]}}